{"id":1500,"date":"2024-03-12T22:40:17","date_gmt":"2024-03-12T22:40:17","guid":{"rendered":"https:\/\/fricibacsi.hu\/?page_id=1500"},"modified":"2024-05-13T20:17:12","modified_gmt":"2024-05-13T20:17:12","slug":"elerhetosegek","status":"publish","type":"page","link":"https:\/\/fricibacsi.hu\/en\/elerhetosegek\/","title":{"rendered":"Contact"},"content":{"rendered":"<p>[et_pb_section fb_built=&#8221;1&#8243; admin_label=&#8221;Contact&#8221; _builder_version=&#8221;4.16&#8243; _module_preset=&#8221;default&#8221; background_color=&#8221;gcid-0f5dcbc4-ef7e-4c9a-9e04-5e1ca9e86317&#8243; use_background_color_gradient=&#8221;on&#8221; background_color_gradient_direction=&#8221;90deg&#8221; background_color_gradient_stops=&#8221;#000000 50%|gcid-1a0de535-da79-4528-8eb1-c8e564b3cc22 50%&#8221; background_color_gradient_overlays_image=&#8221;on&#8221; background_color_gradient_start=&#8221;#000000&#8243; background_color_gradient_start_position=&#8221;50%&#8221; background_color_gradient_end=&#8221;gcid-1a0de535-da79-4528-8eb1-c8e564b3cc22&#8243; background_color_gradient_end_position=&#8221;50%&#8221; background_enable_image=&#8221;off&#8221; custom_padding=&#8221;||0px||false|false&#8221; background_last_edited=&#8221;on|desktop&#8221; use_background_color_gradient_tablet=&#8221;off&#8221; background_color_gradient_stops_tablet=&#8221;rgba(0,0,0,0.7) 0%|rgba(0,0,0,0.7) 100%&#8221; background_color_gradient_start_tablet=&#8221;rgba(0,0,0,0.7)&#8221; background_color_gradient_start_position_tablet=&#8221;0%&#8221; background_color_gradient_end_tablet=&#8221;rgba(0,0,0,0.7)&#8221; background_color_gradient_end_position_tablet=&#8221;100%&#8221; background_enable_image_tablet=&#8221;off&#8221; global_colors_info=&#8221;{%22gcid-0f5dcbc4-ef7e-4c9a-9e04-5e1ca9e86317%22:%91%22background_color%22%93,%22gcid-1a0de535-da79-4528-8eb1-c8e564b3cc22%22:%91%22colorEnd%22%93}&#8221;][et_pb_row column_structure=&#8221;1_2,1_2&#8243; _builder_version=&#8221;4.16&#8243; _module_preset=&#8221;default&#8221; custom_padding=&#8221;0px|||||&#8221; global_colors_info=&#8221;{}&#8221;][et_pb_column type=&#8221;1_2&#8243; _builder_version=&#8221;4.16&#8243; _module_preset=&#8221;default&#8221; global_colors_info=&#8221;{}&#8221;][et_pb_text _builder_version=&#8221;4.24.2&#8243; _module_preset=&#8221;d72c0383-6487-4f2c-ac5c-7d48a6376757&#8243; header_font=&#8221;Chakra Petch|700|||||||&#8221; header_text_color=&#8221;gcid-96ded951-3ae3-46a2-829e-362b8dc8ef96&#8243; header_font_size=&#8221;100px&#8221; header_font_size_tablet=&#8221;50px&#8221; header_font_size_phone=&#8221;24px&#8221; header_font_size_last_edited=&#8221;on|phone&#8221; global_colors_info=&#8221;{%22gcid-96ded951-3ae3-46a2-829e-362b8dc8ef96%22:%91%22header_text_color%22%93}&#8221;]<\/p>\n<h1>Kapcsolat<\/h1>\n<p>[\/et_pb_text][et_pb_contact_form captcha=&#8221;off&#8221; submit_button_text=&#8221;Elk\u00fcld\u00f6m&#8221; _builder_version=&#8221;4.24.2&#8243; _module_preset=&#8221;default&#8221; _unique_id=&#8221;cbd7c152-88ae-45f8-969e-0ff8c3eb019f&#8221; form_field_background_color=&#8221;RGBA(255,255,255,0)&#8221; form_field_text_color=&#8221;#FFFFFF&#8221; form_field_focus_text_color=&#8221;gcid-96ded951-3ae3-46a2-829e-362b8dc8ef96&#8243; form_field_font=&#8221;Chakra Petch|500|||||||&#8221; form_field_font_size=&#8221;15px&#8221; custom_button=&#8221;on&#8221; button_text_size=&#8221;16px&#8221; button_text_color=&#8221;gcid-0f5dcbc4-ef7e-4c9a-9e04-5e1ca9e86317&#8243; button_bg_color=&#8221;gcid-1a0de535-da79-4528-8eb1-c8e564b3cc22&#8243; button_border_width=&#8221;0px&#8221; button_border_radius=&#8221;0px&#8221; button_font=&#8221;Exo|600|||||||&#8221; button_use_icon=&#8221;off&#8221; button_custom_padding=&#8221;12px|30px|12px|30px|true|true&#8221; button_custom_padding_tablet=&#8221;11px|25px|11px|25px|true|true&#8221; button_custom_padding_phone=&#8221;10px|20px|10px|20px|true|true&#8221; button_custom_padding_last_edited=&#8221;on|phone&#8221; button_text_size_tablet=&#8221;15px&#8221; button_text_size_phone=&#8221;14px&#8221; button_text_size_last_edited=&#8221;on|phone&#8221; border_width_all=&#8221;2px&#8221; border_color_all=&#8221;#666666&#8243; locked=&#8221;off&#8221; global_colors_info=&#8221;{%22gcid-0f5dcbc4-ef7e-4c9a-9e04-5e1ca9e86317%22:%91%22button_text_color%22,%22button_text_color%22%93,%22gcid-96ded951-3ae3-46a2-829e-362b8dc8ef96%22:%91%22form_field_focus_text_color%22%93,%22gcid-1a0de535-da79-4528-8eb1-c8e564b3cc22%22:%91%22button_bg_color%22%93}&#8221; button_bg_color__hover_enabled=&#8221;on|desktop&#8221; button_bg_color__hover=&#8221;#ffe568&#8243; button_bg_enable_color__hover=&#8221;on&#8221;][et_pb_contact_field field_id=&#8221;Name&#8221; field_title=&#8221;N\u00e9v&#8221; _builder_version=&#8221;4.24.2&#8243; global_colors_info=&#8221;{}&#8221; button_text_size__hover_enabled=&#8221;off&#8221; button_one_text_size__hover_enabled=&#8221;off&#8221; button_two_text_size__hover_enabled=&#8221;off&#8221; button_text_color__hover_enabled=&#8221;off&#8221; button_one_text_color__hover_enabled=&#8221;off&#8221; button_two_text_color__hover_enabled=&#8221;off&#8221; button_border_width__hover_enabled=&#8221;off&#8221; button_one_border_width__hover_enabled=&#8221;off&#8221; button_two_border_width__hover_enabled=&#8221;off&#8221; button_border_color__hover_enabled=&#8221;off&#8221; button_one_border_color__hover_enabled=&#8221;off&#8221; button_two_border_color__hover_enabled=&#8221;off&#8221; button_border_radius__hover_enabled=&#8221;off&#8221; button_one_border_radius__hover_enabled=&#8221;off&#8221; button_two_border_radius__hover_enabled=&#8221;off&#8221; button_letter_spacing__hover_enabled=&#8221;off&#8221; button_one_letter_spacing__hover_enabled=&#8221;off&#8221; button_two_letter_spacing__hover_enabled=&#8221;off&#8221; button_bg_color__hover_enabled=&#8221;off&#8221; button_one_bg_color__hover_enabled=&#8221;off&#8221; button_two_bg_color__hover_enabled=&#8221;off&#8221;][\/et_pb_contact_field][et_pb_contact_field field_id=&#8221;Email&#8221; field_title=&#8221;Email c\u00edm&#8221; field_type=&#8221;email&#8221; _builder_version=&#8221;4.24.2&#8243; global_colors_info=&#8221;{}&#8221; button_text_size__hover_enabled=&#8221;off&#8221; button_one_text_size__hover_enabled=&#8221;off&#8221; button_two_text_size__hover_enabled=&#8221;off&#8221; button_text_color__hover_enabled=&#8221;off&#8221; button_one_text_color__hover_enabled=&#8221;off&#8221; button_two_text_color__hover_enabled=&#8221;off&#8221; button_border_width__hover_enabled=&#8221;off&#8221; button_one_border_width__hover_enabled=&#8221;off&#8221; button_two_border_width__hover_enabled=&#8221;off&#8221; button_border_color__hover_enabled=&#8221;off&#8221; button_one_border_color__hover_enabled=&#8221;off&#8221; button_two_border_color__hover_enabled=&#8221;off&#8221; button_border_radius__hover_enabled=&#8221;off&#8221; button_one_border_radius__hover_enabled=&#8221;off&#8221; button_two_border_radius__hover_enabled=&#8221;off&#8221; button_letter_spacing__hover_enabled=&#8221;off&#8221; button_one_letter_spacing__hover_enabled=&#8221;off&#8221; button_two_letter_spacing__hover_enabled=&#8221;off&#8221; button_bg_color__hover_enabled=&#8221;off&#8221; button_one_bg_color__hover_enabled=&#8221;off&#8221; button_two_bg_color__hover_enabled=&#8221;off&#8221;][\/et_pb_contact_field][et_pb_contact_field field_id=&#8221;Subject&#8221; field_title=&#8221;T\u00e1rgy&#8221; field_type=&#8221;select&#8221; select_options=&#8221;%91{%22value%22:%22Repair%22,%22checked%22:0,%22dragID%22:-1},{%22value%22:%22Maintenance%22,%22checked%22:0,%22dragID%22:0},{%22value%22:%22Home Service%22,%22checked%22:0,%22dragID%22:1},{%22value%22:%22Business\/Office Service%22,%22checked%22:0,%22dragID%22:2}%93&#8243; fullwidth_field=&#8221;on&#8221; _builder_version=&#8221;4.24.2&#8243; _module_preset=&#8221;default&#8221; global_colors_info=&#8221;{}&#8221;][\/et_pb_contact_field][et_pb_contact_field field_id=&#8221;Message&#8221; field_title=&#8221;\u00dczenet&#8221; field_type=&#8221;text&#8221; fullwidth_field=&#8221;on&#8221; _builder_version=&#8221;4.24.2&#8243; global_colors_info=&#8221;{}&#8221; button_text_size__hover_enabled=&#8221;off&#8221; button_one_text_size__hover_enabled=&#8221;off&#8221; button_two_text_size__hover_enabled=&#8221;off&#8221; button_text_color__hover_enabled=&#8221;off&#8221; button_one_text_color__hover_enabled=&#8221;off&#8221; button_two_text_color__hover_enabled=&#8221;off&#8221; button_border_width__hover_enabled=&#8221;off&#8221; button_one_border_width__hover_enabled=&#8221;off&#8221; button_two_border_width__hover_enabled=&#8221;off&#8221; button_border_color__hover_enabled=&#8221;off&#8221; button_one_border_color__hover_enabled=&#8221;off&#8221; button_two_border_color__hover_enabled=&#8221;off&#8221; button_border_radius__hover_enabled=&#8221;off&#8221; button_one_border_radius__hover_enabled=&#8221;off&#8221; button_two_border_radius__hover_enabled=&#8221;off&#8221; button_letter_spacing__hover_enabled=&#8221;off&#8221; button_one_letter_spacing__hover_enabled=&#8221;off&#8221; button_two_letter_spacing__hover_enabled=&#8221;off&#8221; button_bg_color__hover_enabled=&#8221;off&#8221; button_one_bg_color__hover_enabled=&#8221;off&#8221; button_two_bg_color__hover_enabled=&#8221;off&#8221;][\/et_pb_contact_field][\/et_pb_contact_form][\/et_pb_column][et_pb_column type=&#8221;1_2&#8243; _builder_version=&#8221;4.16&#8243; _module_preset=&#8221;default&#8221; global_colors_info=&#8221;{}&#8221;][et_pb_text _builder_version=&#8221;4.24.2&#8243; _module_preset=&#8221;32021f09-dd67-47fb-8f9a-832b72a38baf&#8221; header_2_font=&#8221;Chakra Petch|700|||||||&#8221; header_2_text_color=&#8221;#000000&#8243; header_2_font_size=&#8221;70px&#8221; header_2_line_height=&#8221;1.1em&#8221; header_2_text_color_tablet=&#8221;#FFFFFF&#8221; header_2_text_color_phone=&#8221;#FFFFFF&#8221; header_2_text_color_last_edited=&#8221;on|tablet&#8221; header_2_font_size_tablet=&#8221;40px&#8221; header_2_font_size_phone=&#8221;24px&#8221; header_2_font_size_last_edited=&#8221;on|phone&#8221; locked=&#8221;off&#8221; global_colors_info=&#8221;{}&#8221;]<\/p>\n<h2>Call us!<\/h2>\n<p>[\/et_pb_text][et_pb_text _builder_version=&#8221;4.24.2&#8243; _module_preset=&#8221;3a5fa9a7-7987-4564-89a5-37b87a5b6ad8&#8243; header_font=&#8221;||||||||&#8221; header_3_font=&#8221;Chakra Petch|700|||||||&#8221; header_3_text_color=&#8221;gcid-a1027310-177f-434f-a6d4-64bc6bfc2d09&#8243; header_3_font_size=&#8221;50px&#8221; header_3_line_height=&#8221;1.2em&#8221; max_width=&#8221;500px&#8221; link_option_url=&#8221;+36205468207&#8243; header_3_text_color_tablet=&#8221;gcid-1a0de535-da79-4528-8eb1-c8e564b3cc22&#8243; header_3_text_color_phone=&#8221;gcid-1a0de535-da79-4528-8eb1-c8e564b3cc22&#8243; header_3_text_color_last_edited=&#8221;on|tablet&#8221; header_3_font_size_tablet=&#8221;28px&#8221; header_3_font_size_phone=&#8221;20px&#8221; header_3_font_size_last_edited=&#8221;on|phone&#8221; locked=&#8221;off&#8221; global_colors_info=&#8221;{%22gcid-a1027310-177f-434f-a6d4-64bc6bfc2d09%22:%91%22header_3_text_color%22%93,%22gcid-1a0de535-da79-4528-8eb1-c8e564b3cc22%22:%91%22header_3_text_color_tablet%22%93}&#8221;]<\/p>\n<h3><a href=\"tel:+36205468207\">Sz\u00e1munk:<br \/>\n+36 20 546 8207<\/a><\/h3>\n<p>[\/et_pb_text][\/et_pb_column][\/et_pb_row][et_pb_row column_structure=&#8221;1_3,1_3,1_3&#8243; custom_padding_last_edited=&#8221;on|phone&#8221; _builder_version=&#8221;4.16&#8243; _module_preset=&#8221;default&#8221; background_color=&#8221;#FFFFFF&#8221; custom_margin_tablet=&#8221;80px||||false|false&#8221; custom_margin_phone=&#8221;60px||||false|false&#8221; custom_margin_last_edited=&#8221;off|desktop&#8221; custom_padding=&#8221;40px|40px|40px|40px|true|true&#8221; custom_padding_tablet=&#8221;30px|30px|30px|30px|true|true&#8221; custom_padding_phone=&#8221;20px|20px|20px|20px|true|true&#8221; global_colors_info=&#8221;{}&#8221;][et_pb_column type=&#8221;1_3&#8243; _builder_version=&#8221;4.16&#8243; _module_preset=&#8221;default&#8221; global_colors_info=&#8221;{}&#8221;][et_pb_text _builder_version=&#8221;4.24.2&#8243; _module_preset=&#8221;4deaa1a6-d0cd-49d0-ada3-8dc22addd086&#8243; text_text_color=&#8221;#FFFFFF&#8221; header_4_font=&#8221;Exo|600|||||||&#8221; header_4_text_color=&#8221;#000000&#8243; header_4_font_size=&#8221;16px&#8221; header_4_line_height=&#8221;1.5em&#8221; custom_margin=&#8221;||10px||false|false&#8221; header_4_font_size_tablet=&#8221;16px&#8221; header_4_font_size_phone=&#8221;16px&#8221; header_4_font_size_last_edited=&#8221;on|phone&#8221; locked=&#8221;off&#8221; global_colors_info=&#8221;{}&#8221; header_4_font_size__hover_enabled=&#8221;off|desktop&#8221;]<\/p>\n<h4>Email<\/h4>\n<p>[\/et_pb_text][et_pb_text _builder_version=&#8221;4.24.2&#8243; _module_preset=&#8221;a0d31651-52cb-421e-8f36-fada7e9d07bb&#8221; header_5_font=&#8221;Chakra Petch|700|||||||&#8221; header_5_text_color=&#8221;#000000&#8243; header_5_font_size=&#8221;20px&#8221; header_5_line_height=&#8221;1.3em&#8221; link_option_url=&#8221;mailto:fricibacsi@fricibacsi.hu&#8221; header_5_font_size_tablet=&#8221;18px&#8221; header_5_font_size_phone=&#8221;16px&#8221; header_5_font_size_last_edited=&#8221;on|phone&#8221; locked=&#8221;off&#8221; global_colors_info=&#8221;{}&#8221;]<\/p>\n<h5>fricibacsi@fricibacsi.hu<\/h5>\n<p>[\/et_pb_text][\/et_pb_column][et_pb_column type=&#8221;1_3&#8243; _builder_version=&#8221;4.16&#8243; _module_preset=&#8221;default&#8221; global_colors_info=&#8221;{}&#8221;][et_pb_text _builder_version=&#8221;4.24.2&#8243; _module_preset=&#8221;4deaa1a6-d0cd-49d0-ada3-8dc22addd086&#8243; text_text_color=&#8221;#FFFFFF&#8221; header_4_font=&#8221;Exo|600|||||||&#8221; header_4_text_color=&#8221;#000000&#8243; header_4_font_size=&#8221;16px&#8221; header_4_line_height=&#8221;1.5em&#8221; custom_margin=&#8221;||10px||false|false&#8221; locked=&#8221;off&#8221; global_colors_info=&#8221;{}&#8221;]<\/p>\n<h4>C\u00edm<\/h4>\n<p>[\/et_pb_text][et_pb_text _builder_version=&#8221;4.24.2&#8243; _module_preset=&#8221;a0d31651-52cb-421e-8f36-fada7e9d07bb&#8221; header_5_font=&#8221;Chakra Petch|700|||||||&#8221; header_5_text_color=&#8221;#000000&#8243; header_5_font_size=&#8221;20px&#8221; header_5_line_height=&#8221;1.3em&#8221; header_5_font_size_tablet=&#8221;18px&#8221; header_5_font_size_phone=&#8221;16px&#8221; header_5_font_size_last_edited=&#8221;on|phone&#8221; locked=&#8221;off&#8221; global_colors_info=&#8221;{}&#8221;]<\/p>\n<h5>8083 Cs\u00e1kv\u00e1r, K\u00e1lvin utca 2\/2<\/h5>\n<p>[\/et_pb_text][\/et_pb_column][et_pb_column type=&#8221;1_3&#8243; _builder_version=&#8221;4.16&#8243; _module_preset=&#8221;default&#8221; global_colors_info=&#8221;{}&#8221;][et_pb_text _builder_version=&#8221;4.24.2&#8243; _module_preset=&#8221;4deaa1a6-d0cd-49d0-ada3-8dc22addd086&#8243; text_text_color=&#8221;#FFFFFF&#8221; header_4_font=&#8221;Exo|600|||||||&#8221; header_4_text_color=&#8221;#000000&#8243; header_4_font_size=&#8221;16px&#8221; header_4_line_height=&#8221;1.5em&#8221; custom_margin=&#8221;||10px||false|false&#8221; locked=&#8221;off&#8221; global_colors_info=&#8221;{}&#8221;]<\/p>\n<h4>Nyitvatart\u00e1s<\/h4>\n<p>[\/et_pb_text][et_pb_text _builder_version=&#8221;4.24.2&#8243; _module_preset=&#8221;a0d31651-52cb-421e-8f36-fada7e9d07bb&#8221; header_5_font=&#8221;Chakra Petch|700|||||||&#8221; header_5_text_color=&#8221;#000000&#8243; header_5_font_size=&#8221;20px&#8221; header_5_line_height=&#8221;1.3em&#8221; header_5_font_size_tablet=&#8221;18px&#8221; header_5_font_size_phone=&#8221;16px&#8221; header_5_font_size_last_edited=&#8221;on|phone&#8221; locked=&#8221;off&#8221; global_colors_info=&#8221;{}&#8221;]<\/p>\n<h5>H\u00e9tf\u0151-P\u00e9ntek\u00a0 8-18<br \/>Szombat-Vas\u00e1rnap\u00a0 z\u00e1rva<\/h5>\n<p>[\/et_pb_text][\/et_pb_column][\/et_pb_row][\/et_pb_section]<\/p>","protected":false},"excerpt":{"rendered":"<p>KapcsolatH\u00edvj minket!Sz\u00e1munk: +36 20 546 8207Emailfricibacsi@fricibacsi.huC\u00edm8083 Cs\u00e1kv\u00e1r, K\u00e1lvin utca 2\/2Nyitvatart\u00e1sH\u00e9tf\u0151-P\u00e9ntek\u00a0 8-18Szombat-Vas\u00e1rnap\u00a0 z\u00e1rva<\/p>","protected":false},"author":3,"featured_media":0,"parent":0,"menu_order":0,"comment_status":"closed","ping_status":"closed","template":"","meta":{"_et_pb_use_builder":"on","_et_pb_old_content":"","_et_gb_content_width":"","footnotes":""},"class_list":["post-1500","page","type-page","status-publish","hentry"],"yoast_head":"<!-- This site is optimized with the Yoast SEO plugin v26.1.1 - https:\/\/yoast.com\/wordpress\/plugins\/seo\/ -->\n<title>El\u00e9rhet\u0151s\u00e9gek - Frici b\u00e1csi villanyszereld\u00e9je - villanyszerel\u0151 kompromisszumok n\u00e9lk\u00fcl<\/title>\n<meta name=\"robots\" content=\"index, follow, max-snippet:-1, max-image-preview:large, max-video-preview:-1\" \/>\n<link rel=\"canonical\" href=\"https:\/\/fricibacsi.hu\/en\/elerhetosegek\/\" \/>\n<meta property=\"og:locale\" content=\"en_GB\" \/>\n<meta property=\"og:type\" content=\"article\" \/>\n<meta property=\"og:title\" content=\"El\u00e9rhet\u0151s\u00e9gek - Frici b\u00e1csi villanyszereld\u00e9je - villanyszerel\u0151 kompromisszumok n\u00e9lk\u00fcl\" \/>\n<meta property=\"og:description\" content=\"KapcsolatH\u00edvj minket!Sz\u00e1munk: +36 20 546 8207Emailfricibacsi@fricibacsi.huC\u00edm8083 Cs\u00e1kv\u00e1r, K\u00e1lvin utca 2\/2Nyitvatart\u00e1sH\u00e9tf\u0151-P\u00e9ntek\u00a0 8-18Szombat-Vas\u00e1rnap\u00a0 z\u00e1rva\" \/>\n<meta property=\"og:url\" content=\"https:\/\/fricibacsi.hu\/en\/elerhetosegek\/\" \/>\n<meta property=\"og:site_name\" content=\"Frici b\u00e1csi villanyszereld\u00e9je - villanyszerel\u0151 kompromisszumok n\u00e9lk\u00fcl\" \/>\n<meta property=\"article:publisher\" content=\"https:\/\/www.facebook.com\/FriciBa\" \/>\n<meta property=\"article:modified_time\" content=\"2024-05-13T20:17:12+00:00\" \/>\n<meta name=\"twitter:card\" content=\"summary_large_image\" \/>\n<meta name=\"twitter:label1\" content=\"Estimated reading time\" \/>\n\t<meta name=\"twitter:data1\" content=\"9 minutes\" \/>\n<script type=\"application\/ld+json\" class=\"yoast-schema-graph\">{\"@context\":\"https:\/\/schema.org\",\"@graph\":[{\"@type\":\"WebPage\",\"@id\":\"https:\/\/fricibacsi.hu\/elerhetosegek\/\",\"url\":\"https:\/\/fricibacsi.hu\/elerhetosegek\/\",\"name\":\"El\u00e9rhet\u0151s\u00e9gek - Frici b\u00e1csi villanyszereld\u00e9je - villanyszerel\u0151 kompromisszumok n\u00e9lk\u00fcl\",\"isPartOf\":{\"@id\":\"https:\/\/fricibacsi.hu\/#website\"},\"datePublished\":\"2024-03-12T22:40:17+00:00\",\"dateModified\":\"2024-05-13T20:17:12+00:00\",\"breadcrumb\":{\"@id\":\"https:\/\/fricibacsi.hu\/elerhetosegek\/#breadcrumb\"},\"inLanguage\":\"en-GB\",\"potentialAction\":[{\"@type\":\"ReadAction\",\"target\":[\"https:\/\/fricibacsi.hu\/elerhetosegek\/\"]}]},{\"@type\":\"BreadcrumbList\",\"@id\":\"https:\/\/fricibacsi.hu\/elerhetosegek\/#breadcrumb\",\"itemListElement\":[{\"@type\":\"ListItem\",\"position\":1,\"name\":\"Kezd\u0151lap\",\"item\":\"https:\/\/fricibacsi.hu\/\"},{\"@type\":\"ListItem\",\"position\":2,\"name\":\"El\u00e9rhet\u0151s\u00e9gek\"}]},{\"@type\":\"WebSite\",\"@id\":\"https:\/\/fricibacsi.hu\/#website\",\"url\":\"https:\/\/fricibacsi.hu\/\",\"name\":\"Frici b\u00e1csi villanyszereld\u00e9je\",\"description\":\"Kompromisszumok n\u00e9lk\u00fcli villanyszerel\u00e9s\",\"publisher\":{\"@id\":\"https:\/\/fricibacsi.hu\/#organization\"},\"potentialAction\":[{\"@type\":\"SearchAction\",\"target\":{\"@type\":\"EntryPoint\",\"urlTemplate\":\"https:\/\/fricibacsi.hu\/?s={search_term_string}\"},\"query-input\":{\"@type\":\"PropertyValueSpecification\",\"valueRequired\":true,\"valueName\":\"search_term_string\"}}],\"inLanguage\":\"en-GB\"},{\"@type\":\"Organization\",\"@id\":\"https:\/\/fricibacsi.hu\/#organization\",\"name\":\"Frici b\u00e1csi villanyszereld\u00e9je\",\"url\":\"https:\/\/fricibacsi.hu\/\",\"logo\":{\"@type\":\"ImageObject\",\"inLanguage\":\"en-GB\",\"@id\":\"https:\/\/fricibacsi.hu\/#\/schema\/logo\/image\/\",\"url\":\"https:\/\/fricibacsi.hu\/wp-content\/uploads\/2024\/03\/cropped-Frici_profile_v2.jpg\",\"contentUrl\":\"https:\/\/fricibacsi.hu\/wp-content\/uploads\/2024\/03\/cropped-Frici_profile_v2.jpg\",\"width\":512,\"height\":512,\"caption\":\"Frici b\u00e1csi villanyszereld\u00e9je\"},\"image\":{\"@id\":\"https:\/\/fricibacsi.hu\/#\/schema\/logo\/image\/\"},\"sameAs\":[\"https:\/\/www.facebook.com\/FriciBa\",\"https:\/\/www.instagram.com\/frici_bacsi_villanyszereldeje\/\"]}]}<\/script>\n<!-- \/ Yoast SEO plugin. -->","yoast_head_json":{"title":"El\u00e9rhet\u0151s\u00e9gek - Frici b\u00e1csi villanyszereld\u00e9je - villanyszerel\u0151 kompromisszumok n\u00e9lk\u00fcl","robots":{"index":"index","follow":"follow","max-snippet":"max-snippet:-1","max-image-preview":"max-image-preview:large","max-video-preview":"max-video-preview:-1"},"canonical":"https:\/\/fricibacsi.hu\/en\/elerhetosegek\/","og_locale":"en_GB","og_type":"article","og_title":"El\u00e9rhet\u0151s\u00e9gek - Frici b\u00e1csi villanyszereld\u00e9je - villanyszerel\u0151 kompromisszumok n\u00e9lk\u00fcl","og_description":"KapcsolatH\u00edvj minket!Sz\u00e1munk: +36 20 546 8207Emailfricibacsi@fricibacsi.huC\u00edm8083 Cs\u00e1kv\u00e1r, K\u00e1lvin utca 2\/2Nyitvatart\u00e1sH\u00e9tf\u0151-P\u00e9ntek\u00a0 8-18Szombat-Vas\u00e1rnap\u00a0 z\u00e1rva","og_url":"https:\/\/fricibacsi.hu\/en\/elerhetosegek\/","og_site_name":"Frici b\u00e1csi villanyszereld\u00e9je - villanyszerel\u0151 kompromisszumok n\u00e9lk\u00fcl","article_publisher":"https:\/\/www.facebook.com\/FriciBa","article_modified_time":"2024-05-13T20:17:12+00:00","twitter_card":"summary_large_image","twitter_misc":{"Estimated reading time":"9 minutes"},"schema":{"@context":"https:\/\/schema.org","@graph":[{"@type":"WebPage","@id":"https:\/\/fricibacsi.hu\/elerhetosegek\/","url":"https:\/\/fricibacsi.hu\/elerhetosegek\/","name":"El\u00e9rhet\u0151s\u00e9gek - Frici b\u00e1csi villanyszereld\u00e9je - villanyszerel\u0151 kompromisszumok n\u00e9lk\u00fcl","isPartOf":{"@id":"https:\/\/fricibacsi.hu\/#website"},"datePublished":"2024-03-12T22:40:17+00:00","dateModified":"2024-05-13T20:17:12+00:00","breadcrumb":{"@id":"https:\/\/fricibacsi.hu\/elerhetosegek\/#breadcrumb"},"inLanguage":"en-GB","potentialAction":[{"@type":"ReadAction","target":["https:\/\/fricibacsi.hu\/elerhetosegek\/"]}]},{"@type":"BreadcrumbList","@id":"https:\/\/fricibacsi.hu\/elerhetosegek\/#breadcrumb","itemListElement":[{"@type":"ListItem","position":1,"name":"Kezd\u0151lap","item":"https:\/\/fricibacsi.hu\/"},{"@type":"ListItem","position":2,"name":"El\u00e9rhet\u0151s\u00e9gek"}]},{"@type":"WebSite","@id":"https:\/\/fricibacsi.hu\/#website","url":"https:\/\/fricibacsi.hu\/","name":"Uncle Frici's Electric Works","description":"Kompromisszumok n\u00e9lk\u00fcli villanyszerel\u00e9s","publisher":{"@id":"https:\/\/fricibacsi.hu\/#organization"},"potentialAction":[{"@type":"SearchAction","target":{"@type":"EntryPoint","urlTemplate":"https:\/\/fricibacsi.hu\/?s={search_term_string}"},"query-input":{"@type":"PropertyValueSpecification","valueRequired":true,"valueName":"search_term_string"}}],"inLanguage":"en-GB"},{"@type":"Organization","@id":"https:\/\/fricibacsi.hu\/#organization","name":"Uncle Frici's Electric Works","url":"https:\/\/fricibacsi.hu\/","logo":{"@type":"ImageObject","inLanguage":"en-GB","@id":"https:\/\/fricibacsi.hu\/#\/schema\/logo\/image\/","url":"https:\/\/fricibacsi.hu\/wp-content\/uploads\/2024\/03\/cropped-Frici_profile_v2.jpg","contentUrl":"https:\/\/fricibacsi.hu\/wp-content\/uploads\/2024\/03\/cropped-Frici_profile_v2.jpg","width":512,"height":512,"caption":"Frici b\u00e1csi villanyszereld\u00e9je"},"image":{"@id":"https:\/\/fricibacsi.hu\/#\/schema\/logo\/image\/"},"sameAs":["https:\/\/www.facebook.com\/FriciBa","https:\/\/www.instagram.com\/frici_bacsi_villanyszereldeje\/"]}]}},"_links":{"self":[{"href":"https:\/\/fricibacsi.hu\/en\/wp-json\/wp\/v2\/pages\/1500","targetHints":{"allow":["GET"]}}],"collection":[{"href":"https:\/\/fricibacsi.hu\/en\/wp-json\/wp\/v2\/pages"}],"about":[{"href":"https:\/\/fricibacsi.hu\/en\/wp-json\/wp\/v2\/types\/page"}],"author":[{"embeddable":true,"href":"https:\/\/fricibacsi.hu\/en\/wp-json\/wp\/v2\/users\/3"}],"replies":[{"embeddable":true,"href":"https:\/\/fricibacsi.hu\/en\/wp-json\/wp\/v2\/comments?post=1500"}],"version-history":[{"count":9,"href":"https:\/\/fricibacsi.hu\/en\/wp-json\/wp\/v2\/pages\/1500\/revisions"}],"predecessor-version":[{"id":1720,"href":"https:\/\/fricibacsi.hu\/en\/wp-json\/wp\/v2\/pages\/1500\/revisions\/1720"}],"wp:attachment":[{"href":"https:\/\/fricibacsi.hu\/en\/wp-json\/wp\/v2\/media?parent=1500"}],"curies":[{"name":"wp","href":"https:\/\/api.w.org\/{rel}","templated":true}]}}